{"id":39,"date":"2018-12-20T19:30:27","date_gmt":"2018-12-20T19:30:27","guid":{"rendered":"http:\/\/www.raza.si\/o-podjetju\/"},"modified":"2019-01-14T13:34:54","modified_gmt":"2019-01-14T13:34:54","slug":"ueber-uns","status":"publish","type":"page","link":"https:\/\/www.raza.si\/de\/ueber-uns\/","title":{"rendered":"\u00dcber uns"},"content":{"rendered":"[spb_row element_name=&#8220;Row&#8220; wrap_type=&#8220;standard-width&#8220; row_bg_type=&#8220;color&#8220; color_row_height=&#8220;content-height&#8220; bg_type=&#8220;cover&#8220; parallax_image_height=&#8220;content-height&#8220; parallax_image_movement=&#8220;fixed&#8220; parallax_image_speed=&#8220;standard&#8220; bg_video_loop=&#8220;yes&#8220; parallax_video_height=&#8220;window-height&#8220; row_top_style=&#8220;none&#8220; row_bottom_style=&#8220;none&#8220; parallax_video_overlay=&#8220;none&#8220; row_overlay_opacity=&#8220;0&#8243; remove_element_spacing=&#8220;no&#8220; row_col_spacing=&#8220;0&#8243; row_col_pos=&#8220;default&#8220; row_col_equal_heights=&#8220;no&#8220; row_expanding=&#8220;no&#8220; row_animation=&#8220;none&#8220; row_animation_delay=&#8220;0&#8243; minimize_row=&#8220;no&#8220; simplified_controls=&#8220;yes&#8220; custom_css_percentage=&#8220;no&#8220; custom_css=&#8220;margin-top: 0px;margin-bottom: 0px;&#8220; border_styling_global=&#8220;default&#8220; el_class=&#8220;company&#8220; width=&#8220;1\/1&#8243; el_position=&#8220;first last&#8220;] [spb_column col_animation=&#8220;none&#8220; col_animation_delay=&#8220;0&#8243; col_bg_type=&#8220;cover&#8220; col_parallax_image_movement=&#8220;fixed&#8220; col_parallax_image_speed=&#8220;0.5&#8243; col_padding=&#8220;0&#8243; col_vertical_offset=&#8220;0&#8243; col_horizontal_offset=&#8220;0&#8243; col_custom_zindex=&#8220;0&#8243; col_sm=&#8220;8&#8243; simplified_controls=&#8220;no&#8220; custom_css_percentage=&#8220;no&#8220; padding_vertical=&#8220;400&#8243; padding_horizontal=&#8220;0&#8243; margin_vertical=&#8220;0&#8243; custom_css=&#8220;margin-top: 0px;margin-bottom: 0px;padding-right: 30px;&#8220; border_styling_global=&#8220;default&#8220; width=&#8220;2\/3&#8243; el_position=&#8220;first&#8220;] [spb_blank_spacer height=&#8220;60px&#8220; width=&#8220;1\/1&#8243; el_position=&#8220;first last&#8220;] [spb_text_block title=&#8220;Pr\u00e4sentation&#8220; animation=&#8220;none&#8220; animation_delay=&#8220;0&#8243; simplified_controls=&#8220;yes&#8220; custom_css_percentage=&#8220;no&#8220; padding_vertical=&#8220;0&#8243; padding_horizontal=&#8220;0&#8243; margin_vertical=&#8220;0&#8243; custom_css=&#8220;margin-top: 0px;margin-bottom: 0px;&#8220; border_size=&#8220;0&#8243; border_styling_global=&#8220;default&#8220; width=&#8220;1\/1&#8243; el_position=&#8220;first last&#8220;]\n<p>Firma RAZA d.o.o. ist ein Familienunternehmen, das aus dem etablierten Unternehmen Precizna mehanika s.p. Die Hauptt\u00e4tigkeit des Unternehmens ist die mechanische Bearbeitung von Metallen (Aluminium, Messing, Stahl, Edelstahl, &#8230;). Im Laufe der Jahre hat sich der Umfang der Arbeiten erh\u00f6ht und die Werkstatt \u00fcberschritten und die Regulierung neuer Gesch\u00e4ftsr\u00e4ume vorgegeben. Heute befindet sich das Management des Unternehmens am Standort Verov\u0161kova 60a und die Produktion befindet sich in Stegna 35 in Ljubljana. Der Vorteil des Standortes liegt in der schnellen Erreichbarkeit der Stadt Ljubljana und der Anbindung an alle wichtigen slowenischen St\u00e4dte und den Rest der Welt \u00fcber die Autobahn. Die Produktionsanlagen wurden mit modernster Technologie und einem modernen Messger\u00e4t ausgestattet.<\/p>\n[\/spb_text_block] [spb_divider type=&#8220;thin&#8220; text=&#8220;Go to top&#8220; top_margin=&#8220;10px&#8220; bottom_margin=&#8220;30px&#8220; fullwidth=&#8220;no&#8220; width=&#8220;1\/1&#8243; el_position=&#8220;first last&#8220;] [spb_text_block title=&#8220;Bedienung&#8220; animation=&#8220;none&#8220; animation_delay=&#8220;0&#8243; simplified_controls=&#8220;yes&#8220; custom_css_percentage=&#8220;no&#8220; padding_vertical=&#8220;0&#8243; padding_horizontal=&#8220;0&#8243; margin_vertical=&#8220;0&#8243; custom_css=&#8220;margin-top: 0px;margin-bottom: 0px;&#8220; border_size=&#8220;0&#8243; border_styling_global=&#8220;default&#8220; width=&#8220;1\/1&#8243; el_position=&#8220;first last&#8220;]\n<p>Wir richten unser Handeln auf Technologie, regelm\u00e4\u00dfige Wartung und Verbesserungen. Wir sind uns bewusst, dass zufriedene Mitarbeiter die Unabh\u00e4ngigkeit und Autonomie bei der Arbeit gew\u00e4hrleisten und Produkte mit hohen Qualit\u00e4tsanforderungen mit Ordnung, Disziplin und Erfahrung anbieten k\u00f6nnen. Letzteres ist entscheidend f\u00fcr ein gutes Endprodukt und damit f\u00fcr die Kundenzufriedenheit.<\/p>\n[\/spb_text_block] [spb_divider type=&#8220;thin&#8220; text=&#8220;Go to top&#8220; top_margin=&#8220;10px&#8220; bottom_margin=&#8220;30px&#8220; fullwidth=&#8220;no&#8220; width=&#8220;1\/1&#8243; el_position=&#8220;first last&#8220;] [spb_text_block title=&#8220;Visionen und Ziele&#8220; animation=&#8220;none&#8220; animation_delay=&#8220;0&#8243; simplified_controls=&#8220;yes&#8220; custom_css_percentage=&#8220;no&#8220; padding_vertical=&#8220;0&#8243; padding_horizontal=&#8220;0&#8243; margin_vertical=&#8220;0&#8243; custom_css=&#8220;margin-top: 0px;margin-bottom: 0px;&#8220; border_size=&#8220;0&#8243; border_styling_global=&#8220;default&#8220; width=&#8220;1\/1&#8243; el_position=&#8220;first last&#8220;]\n<p>Anfang September 2018 planen wir den Ausbau der Produktionskapazit\u00e4ten.<br \/>\nAnfang 2018 planen wir die Einrichtung von Internetseiten.<\/p>\n[\/spb_text_block] [\/spb_column] [spb_column col_sm=&#8220;4&#8243; padding_horizontal=&#8220;0&#8243; width=&#8220;1\/3&#8243; el_position=&#8220;last&#8220;] [spb_blank_spacer height=&#8220;60px&#8220; width=&#8220;1\/1&#8243; el_position=&#8220;first last&#8220;] [\/spb_column] [spb_column col_sm=&#8220;12&#8243; padding_horizontal=&#8220;0&#8243; width=&#8220;1\/1&#8243; el_position=&#8220;first last&#8220;] [spb_blank_spacer height=&#8220;60px&#8220; width=&#8220;1\/1&#8243; el_position=&#8220;first last&#8220;] [\/spb_column] [\/spb_row]\n","protected":false},"excerpt":{"rendered":"<p>[spb_row element_name=&#8220;Row&#8220; wrap_type=&#8220;standard-width&#8220; row_bg_type=&#8220;color&#8220; color_row_height=&#8220;content-height&#8220; bg_type=&#8220;cover&#8220; parallax_image_height=&#8220;content-height&#8220; parallax_image_movement=&#8220;fixed&#8220; parallax_image_speed=&#8220;standard&#8220; bg_video_loop=&#8220;yes&#8220; parallax_video_height=&#8220;window-height&#8220; row_top_style=&#8220;none&#8220; row_bottom_style=&#8220;none&#8220; parallax_video_overlay=&#8220;none&#8220; row_overlay_opacity=&#8220;0&#8243; remove_element_spacing=&#8220;no&#8220; row_col_spacing=&#8220;0&#8243; row_col_pos=&#8220;default&#8220; row_col_equal_heights=&#8220;no&#8220; row_expanding=&#8220;no&#8220; row_animation=&#8220;none&#8220; row_animation_delay=&#8220;0&#8243; minimize_row=&#8220;no&#8220; simplified_controls=&#8220;yes&#8220; custom_css_percentage=&#8220;no&#8220; custom_css=&#8220;margin-top: 0px;margin-bottom: 0px;&#8220; border_styling_global=&#8220;default&#8220; el_class=&#8220;company&#8220; width=&#8220;1\/1&#8243; el_position=&#8220;first last&#8220;] [spb_column col_animation=&#8220;none&#8220; col_animation_delay=&#8220;0&#8243; col_bg_type=&#8220;cover&#8220; col_parallax_image_movement=&#8220;fixed&#8220; col_parallax_image_speed=&#8220;0.5&#8243; col_padding=&#8220;0&#8243; col_vertical_offset=&#8220;0&#8243; col_horizontal_offset=&#8220;0&#8243; col_custom_zindex=&#8220;0&#8243; col_sm=&#8220;8&#8243; simplified_controls=&#8220;no&#8220; custom_css_percentage=&#8220;no&#8220; padding_vertical=&#8220;400&#8243; padding_horizontal=&#8220;0&#8243; margin_vertical=&#8220;0&#8243; custom_css=&#8220;margin-top: 0px;margin-bottom: 0px;padding-right: 30px;&#8220; border_styling_global=&#8220;default&#8220; width=&#8220;2\/3&#8243; el_position=&#8220;first&#8220;] [spb_blank_spacer height=&#8220;60px&#8220; width=&#8220;1\/1&#8243; el_position=&#8220;first [&hellip;]<\/p>\n","protected":false},"author":1,"featured_media":0,"parent":0,"menu_order":0,"comment_status":"open","ping_status":"open","template":"","meta":{"footnotes":""},"class_list":["post-39","page","type-page","status-publish","hentry"],"_links":{"self":[{"href":"https:\/\/www.raza.si\/de\/wp-json\/wp\/v2\/pages\/39","targetHints":{"allow":["GET"]}}],"collection":[{"href":"https:\/\/www.raza.si\/de\/wp-json\/wp\/v2\/pages"}],"about":[{"href":"https:\/\/www.raza.si\/de\/wp-json\/wp\/v2\/types\/page"}],"author":[{"embeddable":true,"href":"https:\/\/www.raza.si\/de\/wp-json\/wp\/v2\/users\/1"}],"replies":[{"embeddable":true,"href":"https:\/\/www.raza.si\/de\/wp-json\/wp\/v2\/comments?post=39"}],"version-history":[{"count":4,"href":"https:\/\/www.raza.si\/de\/wp-json\/wp\/v2\/pages\/39\/revisions"}],"predecessor-version":[{"id":50,"href":"https:\/\/www.raza.si\/de\/wp-json\/wp\/v2\/pages\/39\/revisions\/50"}],"wp:attachment":[{"href":"https:\/\/www.raza.si\/de\/wp-json\/wp\/v2\/media?parent=39"}],"curies":[{"name":"wp","href":"https:\/\/api.w.org\/{rel}","templated":true}]}}